{"id":3422,"date":"2026-03-28T10:00:18","date_gmt":"2026-03-28T09:00:18","guid":{"rendered":"https:\/\/www.proeflokaaldekleineschorre.nl\/agenda-2"},"modified":"2026-04-24T17:17:27","modified_gmt":"2026-04-24T15:17:27","slug":"agenda-2","status":"publish","type":"page","link":"https:\/\/www.proeflokaaldekleineschorre.nl\/de\/agenda-2","title":{"rendered":"Agenda"},"content":{"rendered":"<p align=\"center\"><strong>Reserveren is gewenst. Zo bent u zeker van een tafel in ons proeflokaal.<br \/>\n<\/strong><\/p>\n<h2 align=\"center\"><strong><a href=\"https:\/\/app.wereserve.nl\/m\/reservate\/1069\">Reserveren<\/a><br \/>\n<\/strong><\/h2>\n<p style=\"text-align: center;\"><strong>Klik voor onze actuele <a href=\"https:\/\/www.proeflokaaldekleineschorre.nl\/openingstijden\">openingstijden<\/a>.<\/strong><\/p>\n<p align=\"center\"><b>MAANDAG | GESLOTEN<br \/>\nDINSDAG EN WOENSDAG | vanaf 09.00 uur geopend<br \/>\n<\/b>voor een rondleiding, lunch, proeverij en borrel<br \/>\n<b>DONDERDAG T\/M ZONDAG | vanaf 09.00 uur geopend<br \/>\n<\/b>voor een rondleiding, lunch, proeverij, borrel en diner<span class=\"EOP SCXW205584725 BCX8\" data-ccp-props=\"{&quot;134233117&quot;:true,&quot;134233118&quot;:true,&quot;201341983&quot;:0,&quot;335551550&quot;:2,&quot;335551620&quot;:2,&quot;335559740&quot;:240}\">\u00a0<\/span><\/p>\n<hr \/>\n<h3 style=\"text-align: center;\"><strong>\u2013 <\/strong><strong>Paaslunch<\/strong>\u00a0&#8211;<br \/>\nMaandag 6 april 2026<\/h3>\n<p style=\"text-align: center;\">Geniet van een vier-gangen Paaslunch op 2e Paasdag in ons Proeflokaal.<\/p>\n<p style=\"text-align: center;\"><em>Gepocheerde oester<\/em><br \/>\n<em>**<\/em><br \/>\n<em>Bouillabaisse<\/em><br \/>\n<em>**<\/em><br \/>\n<em>Zeeduivel<\/em><br \/>\n<em>**<\/em><br \/>\n<em>Rode bes | tokkelroom | vanille<\/em><\/p>\n<p style=\"text-align: center;\">Kosten: \u20ac49,50 p.p.<br \/>\nReserveren kan via 0111-202055 of via ons <a href=\"https:\/\/www.proeflokaaldekleineschorre.nl\/de\/kontakt\">contactformulier<\/a>.<\/p>\n<hr \/>\n<h3 style=\"text-align: center;\"><strong>\u2013 <\/strong><strong>Bottelshock proeverij<\/strong>\u00a0&#8211;<br \/>\nZondag 3 mei tot en met zondag 10 mei 2026 (maandag gesloten)<\/h3>\n<p style=\"text-align: center;\">Wij hopen begin mei onze wijnen te bottelen. Dit geeft ons gelegenheid om weer een bottelshock proeverij te geven.<br \/>\nProef \u00e9\u00e9n gerijpte wijn en \u00e9\u00e9n net gebottelde wijn. beide van dezelfde druif, en ervaar de bottelshock.<\/p>\n<p style=\"text-align: center;\">Gedurende opening Proeflokaal<br \/>\nKosten: \u20ac6,00<br \/>\nReserveren kan via 0111-202055 of via ons <a href=\"https:\/\/www.proeflokaaldekleineschorre.nl\/de\/kontakt\">contactformulier<\/a>.<\/p>\n<p>&nbsp;<\/p>\n<hr \/>\n<h3 style=\"text-align: center;\"><strong>\u2013 Fruits de Mer in de Wijngaard DINER <\/strong>&#8211;<br \/>\nVrijdag 26 juni 2026<\/h3>\n<p style=\"text-align: center;\">Geniet van een uitgebreide fruits de Mer in onze Wijngaard tussen de wijnranken. Gecombineerde met onze wijnen.<\/p>\n<p style=\"text-align: center;\"><em>Selectie van verschillende schaal- en schelpdieren geserveerd met brood<br \/>\n<\/em><em>***<br \/>\nDessert<\/em><\/p>\n<p style=\"text-align: center;\">Aanvang: 17:30 uur<br \/>\nKosten: \u20ac135,00 p.p. (incl. wijnen, water en koffie\/thee)<br \/>\nReserveren kan via 0111-202055 of via ons <a href=\"https:\/\/www.proeflokaaldekleineschorre.nl\/de\/kontakt\">contactformulier<\/a>.<\/p>\n<hr \/>\n<h3 style=\"text-align: center;\"><strong>\u00a0VOL!\u2013 Kreeft in de Wijngaard DINER <\/strong>&#8211; VOL!<br \/>\nVrijdag 10 juli 2026<\/h3>\n<p style=\"text-align: center;\">Dit jaar slechts \u00e9\u00e9n Kreeft in de Wijngaard diner in onze agenda!<br \/>\nEen viergangen diner met de Zeeuwse Kreeft in de hoofdrol, gecombineerd met onze wijnen.<em><br \/>\n<\/em><\/p>\n<p style=\"text-align: center;\"><em>Oosterschelde kreeftenstaart | brioche | tomaat<\/em><\/p>\n<p style=\"text-align: center;\"><em>Bisque | kreeft | venkel<\/em><\/p>\n<p style=\"text-align: center;\"><em>Barbecue Kreeft | aardappel | zeekraal<\/em><\/p>\n<p style=\"text-align: center;\"><em>Aardbei | Brut de Z\u00e9lande | limoen<\/em><\/p>\n<p style=\"text-align: center;\">Aanvang: 17:30 uur<br \/>\nKosten: \u20ac135,00 p.p. (incl. wijnen, water en koffie\/thee)<br \/>\nReserveren kan via 0111-202055 of via ons <a href=\"https:\/\/www.proeflokaaldekleineschorre.nl\/de\/kontakt\">contactformulier<\/a>.<\/p>\n<hr \/>\n<h3 style=\"text-align: center;\"><strong>\u2013 Fruits de Mer in de Wijngaard LUNCH <\/strong>&#8211;<br \/>\nZondag 2 augustus 2026<\/h3>\n<p style=\"text-align: center;\">Geniet van een uitgebreide fruits de Mer in onze Wijngaard tussen de wijnranken. Gecombineerde met onze wijnen.<\/p>\n<p style=\"text-align: center;\"><em>Selectie van verschillende schaal- en schelpdieren geserveerd met brood<br \/>\n<\/em><em>***<br \/>\nDessert<\/em><\/p>\n<p style=\"text-align: center;\">Aanvang: 12:00 uur<br \/>\nKosten: \u20ac135,00 p.p. (incl. wijnen, water en koffie\/thee)<br \/>\nReserveren kan via 0111-202055 of via ons <a href=\"https:\/\/www.proeflokaaldekleineschorre.nl\/de\/kontakt\">contactformulier<\/a>.<\/p>\n<hr \/>\n<h3 style=\"text-align: center;\"><strong>\u2013 Wijn Spijs Diner <\/strong>&#8211;<br \/>\nZaterdag 19 september 2026<\/h3>\n<p style=\"text-align: center;\"><em>Hollandse garnaal | groene appel | citrus (Wijn: Rivaner)<\/em><\/p>\n<p style=\"text-align: center;\"><em>Gamba | kokkel | water meloen (Wijn: Souvignier)<\/em><\/p>\n<p style=\"text-align: center;\"><em>Pulpo | hazelnoot | pastinaak (Wijn: Gris)<\/em><\/p>\n<p style=\"text-align: center;\"><em>Kalfshaas | paddenstoel | knolselder (Wijn: Barrique)<\/em><\/p>\n<p style=\"text-align: center;\"><em>Ananas | vanille | limoen (Wijn: Paula\u2019s Selection)<\/em><\/p>\n<p style=\"text-align: center;\">Aanvang: 17:30 uur<br \/>\nReserveren kan via 0111-202055 of via ons <a href=\"https:\/\/www.proeflokaaldekleineschorre.nl\/de\/kontakt\">contactformulier<\/a>.<\/p>\n<hr \/>\n<h3 style=\"text-align: center;\"><strong>\u2013 Vis in het Proeflokaal <\/strong>&#8211;<br \/>\nZaterdag 24 oktober 2026<\/h3>\n<p style=\"text-align: center;\"><em>Ceviche | coquille | groene appel<\/em><\/p>\n<p style=\"text-align: center;\"><em>Tonijn | tomaat | olijf<\/em><\/p>\n<p style=\"text-align: center;\"><em>Langoustine | wortel | venkel<\/em><\/p>\n<p style=\"text-align: center;\"><em>Kabeljauwfilet | aardappel | prei<\/em><\/p>\n<p style=\"text-align: center;\"><em>Pompoen| vanille | karamel<\/em><\/p>\n<p style=\"text-align: center;\">Aanvang: 17:30 uur<br \/>\nReserveren kan via 0111-202055 of via ons <a href=\"https:\/\/www.proeflokaaldekleineschorre.nl\/de\/kontakt\">contactformulier<\/a>.<\/p>\n<hr \/>\n<h3 style=\"text-align: center;\"><strong>\u2013\u00a0<\/strong><strong>25 jaar De Kleine Schorre Proeverij<\/strong>\u00a0\u2013<br \/>\nZondag 25 oktober 2026<\/h3>\n<p style=\"text-align: center;\">Proef van de verschillen tussen een wijn van dit moment en een gerijpte oudere jaargang.<br \/>\nUniek om deze verschillen te ervaren uiteraard gecombineerd met een bijpassend gerechtje.<\/p>\n<p style=\"text-align: center;\">Aanvang: 15.00 uur<br \/>\nKosten: \u20ac45 p.p. (inclusief wijnen, hapjes en water)<br \/>\nReserveren kan via 0111-202055 of via ons\u00a0<a href=\"https:\/\/www.proeflokaaldekleineschorre.nl\/de\/kontakt\">contactformulier<\/a>.<\/p>\n<hr \/>\n<h3 style=\"text-align: center;\"><strong>\u2013 Wilddiner<\/strong>\u00a0\u2013<br \/>\nVrijdag 13 november 2026<\/h3>\n<p style=\"text-align: center;\"><em>*menu volgt*<\/em><\/p>\n<p style=\"text-align: center;\">Aanvang: 17:30 uur<br \/>\nReserveren kan via 0111-202055 of via ons <a href=\"https:\/\/www.proeflokaaldekleineschorre.nl\/de\/kontakt\">contactformulier<\/a>.<\/p>\n<hr \/>\n<h3 style=\"text-align: center;\"><strong>\u2013 <\/strong>Wijnbrevet 2025-2026 &#8211;<\/h3>\n<p align=\"center\">Wijncursus bij Proeflokaal De Kleine Schorre<br \/>\nDit jaar geven wij de cursussen SDEN 1 (2 avonden), SDEN 2 (5 avonden) en SDEN 3 (12 avonden).<\/p>\n<p align=\"center\">Meer informatie via\u00a0<a href=\"https:\/\/www.proeflokaaldekleineschorre.nl\/wijncursus\">Wijncursus<\/a>.<\/p>\n<p align=\"center\">Neem gerust contact met ons op bij vragen en voor verdere informatie of <a href=\"https:\/\/www.dekleineschorre.nl\/contact\">vul ons contactformulier in<\/a>.<\/p>\n<p>&nbsp;<\/p>\n","protected":false},"excerpt":{"rendered":"<p>Reserveren is gewenst. Zo bent u zeker van een tafel in ons proeflokaal. Reserveren Klik voor onze actuele openingstijden. MAANDAG | GESLOTEN DINSDAG EN WOENSDAG | vanaf 09.00 uur geopend voor een rondleiding, lunch, proeverij en borrel DONDERDAG T\/M ZONDAG | vanaf 09.00 uur geopend voor een rondleiding, lunch, proeverij, borrel en diner\u00a0 \u2013 Paaslunch\u00a0&#8211; [&hellip;]<\/p>\n","protected":false},"author":5,"featured_media":0,"parent":0,"menu_order":20,"comment_status":"closed","ping_status":"closed","template":"","meta":{"_acf_changed":false,"footnotes":""},"class_list":["post-3422","page","type-page","status-publish","hentry"],"acf":[],"yoast_head":"<!-- This site is optimized with the Yoast SEO plugin v26.5 - https:\/\/yoast.com\/wordpress\/plugins\/seo\/ -->\n<title>Agenda - Evenementen Bij Proeflokaal de Kleine Schorre<\/title>\n<meta name=\"description\" content=\"Bekijken hier onze Agenda. Kom snel te weten wat er in onze Agenda staat en de vele evenementen in ons Proeflokaal de Kleine Schorre .\" \/>\n<meta name=\"robots\" content=\"index, follow, max-snippet:-1, max-image-preview:large, max-video-preview:-1\" \/>\n<link rel=\"canonical\" href=\"https:\/\/www.proeflokaaldekleineschorre.nl\/de\/agenda-2\" \/>\n<meta property=\"og:locale\" content=\"de_DE\" \/>\n<meta property=\"og:type\" content=\"article\" \/>\n<meta property=\"og:title\" content=\"Agenda - Evenementen Bij Proeflokaal de Kleine Schorre\" \/>\n<meta property=\"og:description\" content=\"Bekijken hier onze Agenda. Kom snel te weten wat er in onze Agenda staat en de vele evenementen in ons Proeflokaal de Kleine Schorre .\" \/>\n<meta property=\"og:url\" content=\"https:\/\/www.proeflokaaldekleineschorre.nl\/de\/agenda-2\" \/>\n<meta property=\"og:site_name\" content=\"Proeflokaal de Kleine Schorre\" \/>\n<meta property=\"article:modified_time\" content=\"2026-04-24T15:17:27+00:00\" \/>\n<meta name=\"twitter:label1\" content=\"Gesch\u00e4tzte Lesezeit\" \/>\n\t<meta name=\"twitter:data1\" content=\"3\u00a0Minuten\" \/>\n<script type=\"application\/ld+json\" class=\"yoast-schema-graph\">{\"@context\":\"https:\/\/schema.org\",\"@graph\":[{\"@type\":\"WebPage\",\"@id\":\"https:\/\/www.proeflokaaldekleineschorre.nl\/de\/agenda-2\",\"url\":\"https:\/\/www.proeflokaaldekleineschorre.nl\/de\/agenda-2\",\"name\":\"Agenda - Evenementen Bij Proeflokaal de Kleine Schorre\",\"isPartOf\":{\"@id\":\"https:\/\/www.proeflokaaldekleineschorre.nl\/de#website\"},\"datePublished\":\"2026-03-28T09:00:18+00:00\",\"dateModified\":\"2026-04-24T15:17:27+00:00\",\"description\":\"Bekijken hier onze Agenda. Kom snel te weten wat er in onze Agenda staat en de vele evenementen in ons Proeflokaal de Kleine Schorre .\",\"breadcrumb\":{\"@id\":\"https:\/\/www.proeflokaaldekleineschorre.nl\/de\/agenda-2#breadcrumb\"},\"inLanguage\":\"de\",\"potentialAction\":[{\"@type\":\"ReadAction\",\"target\":[\"https:\/\/www.proeflokaaldekleineschorre.nl\/de\/agenda-2\"]}]},{\"@type\":\"BreadcrumbList\",\"@id\":\"https:\/\/www.proeflokaaldekleineschorre.nl\/de\/agenda-2#breadcrumb\",\"itemListElement\":[{\"@type\":\"ListItem\",\"position\":1,\"name\":\"Home\",\"item\":\"https:\/\/www.proeflokaaldekleineschorre.nl\/de\"},{\"@type\":\"ListItem\",\"position\":2,\"name\":\"Agenda\"}]},{\"@type\":\"WebSite\",\"@id\":\"https:\/\/www.proeflokaaldekleineschorre.nl\/de#website\",\"url\":\"https:\/\/www.proeflokaaldekleineschorre.nl\/de\",\"name\":\"Proeflokaal de Kleine Schorre\",\"description\":\"\",\"potentialAction\":[{\"@type\":\"SearchAction\",\"target\":{\"@type\":\"EntryPoint\",\"urlTemplate\":\"https:\/\/www.proeflokaaldekleineschorre.nl\/de?s={search_term_string}\"},\"query-input\":{\"@type\":\"PropertyValueSpecification\",\"valueRequired\":true,\"valueName\":\"search_term_string\"}}],\"inLanguage\":\"de\"}]}<\/script>\n<!-- \/ Yoast SEO plugin. -->","yoast_head_json":{"title":"Agenda - Evenementen Bij Proeflokaal de Kleine Schorre","description":"Bekijken hier onze Agenda. Kom snel te weten wat er in onze Agenda staat en de vele evenementen in ons Proeflokaal de Kleine Schorre .","robots":{"index":"index","follow":"follow","max-snippet":"max-snippet:-1","max-image-preview":"max-image-preview:large","max-video-preview":"max-video-preview:-1"},"canonical":"https:\/\/www.proeflokaaldekleineschorre.nl\/de\/agenda-2","og_locale":"de_DE","og_type":"article","og_title":"Agenda - Evenementen Bij Proeflokaal de Kleine Schorre","og_description":"Bekijken hier onze Agenda. Kom snel te weten wat er in onze Agenda staat en de vele evenementen in ons Proeflokaal de Kleine Schorre .","og_url":"https:\/\/www.proeflokaaldekleineschorre.nl\/de\/agenda-2","og_site_name":"Proeflokaal de Kleine Schorre","article_modified_time":"2026-04-24T15:17:27+00:00","twitter_misc":{"Gesch\u00e4tzte Lesezeit":"3\u00a0Minuten"},"schema":{"@context":"https:\/\/schema.org","@graph":[{"@type":"WebPage","@id":"https:\/\/www.proeflokaaldekleineschorre.nl\/de\/agenda-2","url":"https:\/\/www.proeflokaaldekleineschorre.nl\/de\/agenda-2","name":"Agenda - Evenementen Bij Proeflokaal de Kleine Schorre","isPartOf":{"@id":"https:\/\/www.proeflokaaldekleineschorre.nl\/de#website"},"datePublished":"2026-03-28T09:00:18+00:00","dateModified":"2026-04-24T15:17:27+00:00","description":"Bekijken hier onze Agenda. Kom snel te weten wat er in onze Agenda staat en de vele evenementen in ons Proeflokaal de Kleine Schorre .","breadcrumb":{"@id":"https:\/\/www.proeflokaaldekleineschorre.nl\/de\/agenda-2#breadcrumb"},"inLanguage":"de","potentialAction":[{"@type":"ReadAction","target":["https:\/\/www.proeflokaaldekleineschorre.nl\/de\/agenda-2"]}]},{"@type":"BreadcrumbList","@id":"https:\/\/www.proeflokaaldekleineschorre.nl\/de\/agenda-2#breadcrumb","itemListElement":[{"@type":"ListItem","position":1,"name":"Home","item":"https:\/\/www.proeflokaaldekleineschorre.nl\/de"},{"@type":"ListItem","position":2,"name":"Agenda"}]},{"@type":"WebSite","@id":"https:\/\/www.proeflokaaldekleineschorre.nl\/de#website","url":"https:\/\/www.proeflokaaldekleineschorre.nl\/de","name":"Proeflokaal de Kleine Schorre","description":"","potentialAction":[{"@type":"SearchAction","target":{"@type":"EntryPoint","urlTemplate":"https:\/\/www.proeflokaaldekleineschorre.nl\/de?s={search_term_string}"},"query-input":{"@type":"PropertyValueSpecification","valueRequired":true,"valueName":"search_term_string"}}],"inLanguage":"de"}]}},"_links":{"self":[{"href":"https:\/\/www.proeflokaaldekleineschorre.nl\/de\/wp-json\/wp\/v2\/pages\/3422","targetHints":{"allow":["GET"]}}],"collection":[{"href":"https:\/\/www.proeflokaaldekleineschorre.nl\/de\/wp-json\/wp\/v2\/pages"}],"about":[{"href":"https:\/\/www.proeflokaaldekleineschorre.nl\/de\/wp-json\/wp\/v2\/types\/page"}],"author":[{"embeddable":true,"href":"https:\/\/www.proeflokaaldekleineschorre.nl\/de\/wp-json\/wp\/v2\/users\/5"}],"replies":[{"embeddable":true,"href":"https:\/\/www.proeflokaaldekleineschorre.nl\/de\/wp-json\/wp\/v2\/comments?post=3422"}],"version-history":[{"count":3,"href":"https:\/\/www.proeflokaaldekleineschorre.nl\/de\/wp-json\/wp\/v2\/pages\/3422\/revisions"}],"predecessor-version":[{"id":5091,"href":"https:\/\/www.proeflokaaldekleineschorre.nl\/de\/wp-json\/wp\/v2\/pages\/3422\/revisions\/5091"}],"wp:attachment":[{"href":"https:\/\/www.proeflokaaldekleineschorre.nl\/de\/wp-json\/wp\/v2\/media?parent=3422"}],"curies":[{"name":"wp","href":"https:\/\/api.w.org\/{rel}","templated":true}]}}